{"id":152,"date":"2022-05-30T01:40:06","date_gmt":"2022-05-29T23:40:06","guid":{"rendered":"https:\/\/dcc.d-pof.be\/?page_id=152"},"modified":"2024-05-08T22:05:36","modified_gmt":"2024-05-08T20:05:36","slug":"evenements","status":"publish","type":"page","link":"https:\/\/dcc.d-pof.be\/index.php\/evenements\/","title":{"rendered":"Ev\u00e8nements"},"content":{"rendered":"\n<p>Tout au long de l&rsquo;ann\u00e9e, le comit\u00e9 et les membres actifs nous proposent une palette vari\u00e9e d&rsquo;activit\u00e9s li\u00e9es \u00e0 la voiture ancienne. Vous pouvez consulter notre agenda ci-dessous.<\/p>\n\n\n\n<h3 class=\"wp-block-heading\"><a href=\"https:\/\/dcc.d-pof.be\/index.php\/evenements-passes\/\" data-type=\"page\" data-id=\"209\">Ev\u00e8nements pass\u00e9s<\/a><\/h3>\n\n\n\n<h3 class=\"wp-block-heading\">Ev\u00e8nements \u00e0 venir<\/h3>\n\n\n<div id=\"vsel\" class=\"vsel-shortcode vsel-shortcode-upcoming-events\"><p class=\"vsel-no-events\">Il n\u2019y a pas d\u2019\u00e9v\u00e8nement \u00e0 venir.<\/p><\/div>","protected":false},"excerpt":{"rendered":"<p>Tout au long de l&rsquo;ann\u00e9e, le comit\u00e9 et les membres actifs nous proposent une palette vari\u00e9e d&rsquo;activit\u00e9s li\u00e9es \u00e0 la voiture ancienne. Vous pouvez consulter notre agenda ci-dessous. Ev\u00e8nements pass\u00e9s Ev\u00e8nements \u00e0 venir<\/p>\n","protected":false},"author":1,"featured_media":0,"parent":0,"menu_order":0,"comment_status":"closed","ping_status":"closed","template":"","meta":{"_kad_post_transparent":"","_kad_post_title":"","_kad_post_layout":"","_kad_post_sidebar_id":"","_kad_post_content_style":"","_kad_post_vertical_padding":"","_kad_post_feature":"","_kad_post_feature_position":"","_kad_post_header":false,"_kad_post_footer":false,"footnotes":""},"_links":{"self":[{"href":"https:\/\/dcc.d-pof.be\/index.php\/wp-json\/wp\/v2\/pages\/152"}],"collection":[{"href":"https:\/\/dcc.d-pof.be\/index.php\/wp-json\/wp\/v2\/pages"}],"about":[{"href":"https:\/\/dcc.d-pof.be\/index.php\/wp-json\/wp\/v2\/types\/page"}],"author":[{"embeddable":true,"href":"https:\/\/dcc.d-pof.be\/index.php\/wp-json\/wp\/v2\/users\/1"}],"replies":[{"embeddable":true,"href":"https:\/\/dcc.d-pof.be\/index.php\/wp-json\/wp\/v2\/comments?post=152"}],"version-history":[{"count":13,"href":"https:\/\/dcc.d-pof.be\/index.php\/wp-json\/wp\/v2\/pages\/152\/revisions"}],"predecessor-version":[{"id":213,"href":"https:\/\/dcc.d-pof.be\/index.php\/wp-json\/wp\/v2\/pages\/152\/revisions\/213"}],"wp:attachment":[{"href":"https:\/\/dcc.d-pof.be\/index.php\/wp-json\/wp\/v2\/media?parent=152"}],"curies":[{"name":"wp","href":"https:\/\/api.w.org\/{rel}","templated":true}]}}